{"id":295,"date":"2017-12-15T11:10:37","date_gmt":"2017-12-15T10:10:37","guid":{"rendered":"https:\/\/apps.atilf.fr\/homepages\/vprivas\/?page_id=295"},"modified":"2025-03-06T11:20:07","modified_gmt":"2025-03-06T10:20:07","slug":"autre-activite-scientifique","status":"publish","type":"page","link":"https:\/\/perso.atilf.fr\/vprivas\/autre-activite-scientifique\/","title":{"rendered":"Responsabilit\u00e9s scientifiques"},"content":{"rendered":"<p><strong>2025 &#8211; &#8230; : <\/strong>Responsable de la rubrique \u00ab\u00a0Carte blanche\u00a0\u00bb de la revue <em>M\u00e9langes Crapel<\/em>.<\/p>\n<p><strong>2024-2025 : <\/strong>Membre du comit\u00e9 scientifique de l&rsquo;\u00e9v\u00e8nement \u00ab\u00a0Music and Drama Education Expo 2025\u00a0\u00bb, Londres.<\/p>\n<p><strong>2020- &#8230; <\/strong>: Vice-Pr\u00e9sidente en charge de la recherche\u00a0scientifique pour l&rsquo;<a href=\"https:\/\/ardaa.hypotheses.org\">ARDAA<\/a> (Association pour la Recherche en Didactique de l&rsquo; Anglais et Acquisition)<\/p>\n<p><strong>2017- &#8230; : <\/strong>Correspondante de la SAES pour l&rsquo;Universit\u00e9 de Lorraine<\/p>\n<p><strong>2018-2022:<\/strong> Membre du jury du CAPES externe d&rsquo;anglais<\/p>\n<p><strong>2017- 2022 :\u00a0<\/strong>Membre du comit\u00e9 de s\u00e9lection pour le recrutement des ATER en anglais, Universit\u00e9 de Lorraine<\/p>\n<p><strong>2015- 2020 :<\/strong>\u00a0Tr\u00e9sori\u00e8re de l\u2019ARDAA<\/p>\n<p>Qualifi\u00e9e en <strong>11\u00e8me<\/strong> (langues et litt\u00e9ratures anglaises et anglo-saxonnes) et <strong>18\u00e8me<\/strong> (arts du spectacle) sections du CNU<\/p>\n<p>Membre de divers comit\u00e9s de lecture de revues nationales et internationales (<em>M\u00e9langes-CRAPEL<\/em>; <em>Recherche et Pratiques p\u00e9dagogiques en langues de sp\u00e9cialit\u00e9, Langscape Journal&#8230;<\/em>)<\/p>\n<p>Membre de l\u2019ARDAA, de l\u2019AFLA, de l\u2019ACEDLE, du GERAS, du RADAC et de la SAES.<\/p>\n<p>Membre d&rsquo;IDEA (International Drama in Education Association).<\/p>\n","protected":false},"excerpt":{"rendered":"<p>2025 &#8211; &#8230; : Responsable de la rubrique \u00ab\u00a0Carte blanche\u00a0\u00bb de la revue M\u00e9langes Crapel. 2024-2025 : Membre du comit\u00e9 scientifique de l&rsquo;\u00e9v\u00e8nement \u00ab\u00a0Music and Drama Education Expo 2025\u00a0\u00bb, Londres. 2020- &#8230; : Vice-Pr\u00e9sidente en charge de la recherche\u00a0scientifique pour &hellip; <a href=\"https:\/\/perso.atilf.fr\/vprivas\/autre-activite-scientifique\/\">Continuer la lecture <span class=\"meta-nav\">&rarr;<\/span><\/a><\/p>\n","protected":false},"author":70,"featured_media":0,"parent":0,"menu_order":0,"comment_status":"closed","ping_status":"closed","template":"","meta":{"footnotes":""},"class_list":["post-295","page","type-page","status-publish","hentry"],"_links":{"self":[{"href":"https:\/\/perso.atilf.fr\/vprivas\/wp-json\/wp\/v2\/pages\/295","targetHints":{"allow":["GET"]}}],"collection":[{"href":"https:\/\/perso.atilf.fr\/vprivas\/wp-json\/wp\/v2\/pages"}],"about":[{"href":"https:\/\/perso.atilf.fr\/vprivas\/wp-json\/wp\/v2\/types\/page"}],"author":[{"embeddable":true,"href":"https:\/\/perso.atilf.fr\/vprivas\/wp-json\/wp\/v2\/users\/70"}],"replies":[{"embeddable":true,"href":"https:\/\/perso.atilf.fr\/vprivas\/wp-json\/wp\/v2\/comments?post=295"}],"version-history":[{"count":28,"href":"https:\/\/perso.atilf.fr\/vprivas\/wp-json\/wp\/v2\/pages\/295\/revisions"}],"predecessor-version":[{"id":807,"href":"https:\/\/perso.atilf.fr\/vprivas\/wp-json\/wp\/v2\/pages\/295\/revisions\/807"}],"wp:attachment":[{"href":"https:\/\/perso.atilf.fr\/vprivas\/wp-json\/wp\/v2\/media?parent=295"}],"curies":[{"name":"wp","href":"https:\/\/api.w.org\/{rel}","templated":true}]}}