{"id":443,"date":"2020-02-07T14:56:02","date_gmt":"2020-02-07T13:56:02","guid":{"rendered":"https:\/\/perso.atilf.fr\/vprivas\/?page_id=443"},"modified":"2025-03-06T11:18:52","modified_gmt":"2025-03-06T10:18:52","slug":"responsabilites-administratives","status":"publish","type":"page","link":"https:\/\/perso.atilf.fr\/vprivas\/responsabilites-administratives\/","title":{"rendered":"Responsabilit\u00e9s administratives locales"},"content":{"rendered":"<p><strong>2017- &#8230;<\/strong><\/p>\n<ul>\n<li>Membre du comit\u00e9 de s\u00e9lection pour le recrutement des ATER, Universit\u00e9 de Lorraine<\/li>\n<li>Responsable des PPP (projets professionnels personnels), L2 et L3 LLCER &#8211; parcours enseignement, UFR Arts, Lettres et Langues, UL, Nancy<\/li>\n<li>Responsable des stages enseignement L2 et L3 LLCER anglais, UFR ALL, UL, Nancy<\/li>\n<li>encadrement de stagiaires &#8211; tutorat mixte, M1 et M2 MEEF second degr\u00e9, INSPE Lorraine<\/li>\n<\/ul>\n<p><strong>2020-2022<\/strong><\/p>\n<ul>\n<li>co-organisatrice de l&rsquo;anniversaire de l&rsquo;ATILF : en charge de la commission \u00ab\u00a0s\u00e9minaires\u00a0\u00bb, des demandes de subventions, du bilan.<\/li>\n<li>Mise en ligne des s\u00e9minaires des 20 ans de l&rsquo;ATILF sur Hal: <a href=\"https:\/\/hal.univ-lorraine.fr\/SEMINAIRES-20ANS-ATILF\/browse\/latest-publications\">https:\/\/hal.univ-lorraine.fr\/SEMINAIRES-20ANS-ATILF\/browse\/latest-publications<\/a><\/li>\n<\/ul>\n<p><strong>2019<\/strong><\/p>\n<ul>\n<li>Pr\u00e9sidente du jury du Baccalaur\u00e9at, Lyc\u00e9e George de LaTour, Nancy ( juillet 2019)<\/li>\n<\/ul>\n<p><strong>2016<\/strong><\/p>\n<ul>\n<li>Directrice des \u00e9tudes &#8211; DUT GACO, IUT Lyon 3<\/li>\n<\/ul>\n<p><strong>2015-2017<\/strong><\/p>\n<ul>\n<li>Responsable des Relations Internationales, IUT Lyon 3<\/li>\n<li>Encadrement de stagiaires MEEF &#8211; premier degr\u00e9 (Tutorat mixte) &#8211; ESPE Lyon<\/li>\n<\/ul>\n<p><strong>2006-2017<\/strong><\/p>\n<ul>\n<li>Responsable des stages &#8211; DUT GACO, IUT Lyon 3<\/li>\n<li>Responsable des projets tutor\u00e9s &#8211; DUT GACO, IUT Lyon 3<\/li>\n<\/ul>\n<p><strong>2006-2017<\/strong><\/p>\n<ul>\n<li>Coordinatrice du p\u00f4le langues vivantes \u00e9trang\u00e8res LANSAD &#8211; IUT GACO, Lyon 3.<\/li>\n<li>Recrutement d\u2019intervenants en anglais, allemand, espagnol et harmonisation des contenus des cours. R\u00e9solution des probl\u00e8mes mat\u00e9riels et humains.<\/li>\n<\/ul>\n<p>&nbsp;<\/p>\n","protected":false},"excerpt":{"rendered":"<p>2017- &#8230; Membre du comit\u00e9 de s\u00e9lection pour le recrutement des ATER, Universit\u00e9 de Lorraine Responsable des PPP (projets professionnels personnels), L2 et L3 LLCER &#8211; parcours enseignement, UFR Arts, Lettres et Langues, UL, Nancy Responsable des stages enseignement L2 &hellip; <a href=\"https:\/\/perso.atilf.fr\/vprivas\/responsabilites-administratives\/\">Continuer la lecture <span class=\"meta-nav\">&rarr;<\/span><\/a><\/p>\n","protected":false},"author":70,"featured_media":0,"parent":0,"menu_order":0,"comment_status":"closed","ping_status":"closed","template":"","meta":{"footnotes":""},"class_list":["post-443","page","type-page","status-publish","hentry"],"_links":{"self":[{"href":"https:\/\/perso.atilf.fr\/vprivas\/wp-json\/wp\/v2\/pages\/443","targetHints":{"allow":["GET"]}}],"collection":[{"href":"https:\/\/perso.atilf.fr\/vprivas\/wp-json\/wp\/v2\/pages"}],"about":[{"href":"https:\/\/perso.atilf.fr\/vprivas\/wp-json\/wp\/v2\/types\/page"}],"author":[{"embeddable":true,"href":"https:\/\/perso.atilf.fr\/vprivas\/wp-json\/wp\/v2\/users\/70"}],"replies":[{"embeddable":true,"href":"https:\/\/perso.atilf.fr\/vprivas\/wp-json\/wp\/v2\/comments?post=443"}],"version-history":[{"count":31,"href":"https:\/\/perso.atilf.fr\/vprivas\/wp-json\/wp\/v2\/pages\/443\/revisions"}],"predecessor-version":[{"id":806,"href":"https:\/\/perso.atilf.fr\/vprivas\/wp-json\/wp\/v2\/pages\/443\/revisions\/806"}],"wp:attachment":[{"href":"https:\/\/perso.atilf.fr\/vprivas\/wp-json\/wp\/v2\/media?parent=443"}],"curies":[{"name":"wp","href":"https:\/\/api.w.org\/{rel}","templated":true}]}}