{"id":651,"date":"2022-03-15T17:05:45","date_gmt":"2022-03-15T16:05:45","guid":{"rendered":"https:\/\/perso.atilf.fr\/vprivas\/?page_id=651"},"modified":"2024-10-15T17:03:29","modified_gmt":"2024-10-15T16:03:29","slug":"formation","status":"publish","type":"page","link":"https:\/\/perso.atilf.fr\/vprivas\/formation\/","title":{"rendered":"Formation initiale &amp; Dipl\u00f4mes"},"content":{"rendered":"<p><strong>2017 \u00a0 \u00a0 \u00a0 \u00a0 \u00a0 \u00a0 \u00a0 \u00a0\u00a0<\/strong>Admissible \u00e0<strong> l\u2019agr\u00e9gation externe <\/strong>d\u2019anglais<strong> sp\u00e9ciale docteurs, <\/strong>option litt\u00e9rature<\/p>\n<p><strong>\u00a0<\/strong><strong>2007 <\/strong>\u00a0\u00a0\u00a0\u00a0\u00a0\u00a0\u00a0\u00a0\u00a0\u00a0\u00a0\u00a0\u00a0\u00a0 <strong>Doctorat<\/strong> <strong>en Litt\u00e9ratures et civilisations des mondes anglophones<\/strong>. Universit\u00e9 Jean Moulin \u2013 Lyon 3<\/p>\n<p><strong>\u00a0\u00a0\u00a0\u00a0\u00a0\u00a0\u00a0\u00a0\u00a0\u00a0\u00a0\u00a0\u00a0\u00a0\u00a0\u00a0\u00a0\u00a0\u00a0\u00a0\u00a0\u00a0\u00a0 <\/strong>Th\u00e8se en \u00e9tudes irlandaises. Mention Tr\u00e8s Honorable.<\/p>\n<p><strong>Titre\u00a0: <\/strong><em>Il \u00e9tait une \u201cfoi\u201d \u00e0 Belfast (Irlande du Nord). Pentec\u00f4te (1987) et Apr\u00e8s P\u00e2ques (1994)\u00a0: Expression du sentiment religieux dans deux \u0153uvres dramatiques de Stewart Parker (1941-1988) et Anne Devlin (1951-)<\/em><\/p>\n<p><strong>Directeur de th\u00e8se<\/strong>\u00a0: Richard Deutsch (Professeur, Universit\u00e9 Lyon 3)<\/p>\n<p><strong>Membres du jury\u00a0: <\/strong><\/p>\n<p>Wesley Hutchinson (Pr\u00e9sident \u2013 Professeur, Universit\u00e9 Sorbonne Nouvelle)<\/p>\n<p>Val\u00e9rie Peyronel (Pr\u00e9-rapporteur \u2013 Professeur, Universit\u00e9 Paris Est-Cr\u00e9teil)<\/p>\n<p>Michel Renouard (Pr\u00e9-rapporteur \u2013 Professeur, Universit\u00e9 de Caen-Basse Normandie)<\/p>\n<p>Brigitte Gauthier (Professeur, Universit\u00e9 Lyon 3)<\/p>\n<p><strong>2002<\/strong><strong><em>\u00a0\u00a0\u00a0\u00a0\u00a0\u00a0\u00a0\u00a0\u00a0\u00a0\u00a0\u00a0\u00a0\u00a0\u00a0 <\/em><\/strong><strong>DEA<\/strong> <strong>de\u00a0langues et identit\u00e9s culturelles<\/strong>. Universit\u00e9 Jean Moulin \u2013 Lyon 3 et ENS-LSH Lyon<\/p>\n<p>M\u00e9moire de civilisation et litt\u00e9rature anglophones. Mention Bien.<\/p>\n<p><strong>Titre<\/strong>\u00a0: \u00a0<em>Le th\u00e9\u00e2tre contextualis\u00e9 de Anne Devlin<\/em><\/p>\n<p><strong>Directeur de recherche<\/strong>\u00a0: Richard Deutsch<\/p>\n<p><strong>2001\u00a0\u00a0\u00a0\u00a0\u00a0\u00a0\u00a0\u00a0\u00a0\u00a0\u00a0\u00a0\u00a0\u00a0\u00a0 <\/strong><strong>CAPES<\/strong>\u00a0externe d\u2019anglais<\/p>\n<p><strong>2001<\/strong> \u00a0\u00a0\u00a0\u00a0\u00a0\u00a0\u00a0\u00a0\u00a0\u00a0\u00a0\u00a0\u00a0\u00a0 <strong>Ma\u00eetrise LLCE anglais<\/strong>. Universit\u00e9 Jean Moulin \u2013 Lyon 3.<\/p>\n<p>M\u00e9moire de didactique des langues. Mention Assez Bien.<\/p>\n<p><strong>Titre<\/strong>\u00a0: <em>Errors in Second Language Acquisition<\/em><\/p>\n<p><strong>Directeur de recherche<\/strong>\u00a0: Malcolm Clay (Professeur, Universit\u00e9 Lyon 3)<\/p>\n<p><strong>1999<\/strong> <strong><em>\u00a0\u00a0 \u00a0\u00a0\u00a0\u00a0\u00a0\u00a0\u00a0\u00a0\u00a0\u00a0\u00a0 <\/em><\/strong><strong>Licence<\/strong> <strong>LLCE anglais<\/strong>. Programme d\u2019\u00e9change ERASMUS. School of Education, Roehampton University, Londres (GB). Mention Assez Bien<\/p>\n<p><u>Cours suivis\u00a0: <\/u><\/p>\n<ul>\n<li>Psycholinguistique<\/li>\n<li>Syst\u00e8me \u00e9ducatif britannique<\/li>\n<li>Traduction fran\u00e7ais-anglais<\/li>\n<li>Litt\u00e9rature am\u00e9ricaine<\/li>\n<li>\u00c9crivaines contemporaines anglophones<\/li>\n<\/ul>\n<p><strong>1996 \u2013 1998\u00a0\u00a0\u00a0 DEUG LLCE anglais<\/strong>. Universit\u00e9 Jean Moulin \u2013 Lyon 3. Mention Assez Bien<\/p>\n<p><strong>1996 \u00a0 \u00a0 \u00a0 \u00a0 \u00a0 \u00a0 \u00a0 \u00a0 \u00a0 Baccalaur\u00e9at<\/strong> \u2013 s\u00e9rie litt\u00e9raire, options anglais renforc\u00e9, allemand, italien, latin. Lyc\u00e9e Louis Aragon, Givors (69700). Mention Assez Bien<\/p>\n","protected":false},"excerpt":{"rendered":"<p>2017 \u00a0 \u00a0 \u00a0 \u00a0 \u00a0 \u00a0 \u00a0 \u00a0\u00a0Admissible \u00e0 l\u2019agr\u00e9gation externe d\u2019anglais sp\u00e9ciale docteurs, option litt\u00e9rature \u00a02007 \u00a0\u00a0\u00a0\u00a0\u00a0\u00a0\u00a0\u00a0\u00a0\u00a0\u00a0\u00a0\u00a0\u00a0 Doctorat en Litt\u00e9ratures et civilisations des mondes anglophones. Universit\u00e9 Jean Moulin \u2013 Lyon 3 \u00a0\u00a0\u00a0\u00a0\u00a0\u00a0\u00a0\u00a0\u00a0\u00a0\u00a0\u00a0\u00a0\u00a0\u00a0\u00a0\u00a0\u00a0\u00a0\u00a0\u00a0\u00a0\u00a0 Th\u00e8se en \u00e9tudes irlandaises. Mention Tr\u00e8s &hellip; <a href=\"https:\/\/perso.atilf.fr\/vprivas\/formation\/\">Continuer la lecture <span class=\"meta-nav\">&rarr;<\/span><\/a><\/p>\n","protected":false},"author":70,"featured_media":0,"parent":0,"menu_order":0,"comment_status":"closed","ping_status":"closed","template":"","meta":{"footnotes":""},"class_list":["post-651","page","type-page","status-publish","hentry"],"_links":{"self":[{"href":"https:\/\/perso.atilf.fr\/vprivas\/wp-json\/wp\/v2\/pages\/651","targetHints":{"allow":["GET"]}}],"collection":[{"href":"https:\/\/perso.atilf.fr\/vprivas\/wp-json\/wp\/v2\/pages"}],"about":[{"href":"https:\/\/perso.atilf.fr\/vprivas\/wp-json\/wp\/v2\/types\/page"}],"author":[{"embeddable":true,"href":"https:\/\/perso.atilf.fr\/vprivas\/wp-json\/wp\/v2\/users\/70"}],"replies":[{"embeddable":true,"href":"https:\/\/perso.atilf.fr\/vprivas\/wp-json\/wp\/v2\/comments?post=651"}],"version-history":[{"count":7,"href":"https:\/\/perso.atilf.fr\/vprivas\/wp-json\/wp\/v2\/pages\/651\/revisions"}],"predecessor-version":[{"id":768,"href":"https:\/\/perso.atilf.fr\/vprivas\/wp-json\/wp\/v2\/pages\/651\/revisions\/768"}],"wp:attachment":[{"href":"https:\/\/perso.atilf.fr\/vprivas\/wp-json\/wp\/v2\/media?parent=651"}],"curies":[{"name":"wp","href":"https:\/\/api.w.org\/{rel}","templated":true}]}}