{"id":677,"date":"2022-12-05T15:04:15","date_gmt":"2022-12-05T14:04:15","guid":{"rendered":"https:\/\/perso.atilf.fr\/vprivas\/?page_id=677"},"modified":"2022-12-05T15:04:55","modified_gmt":"2022-12-05T14:04:55","slug":"formation-continue","status":"publish","type":"page","link":"https:\/\/perso.atilf.fr\/vprivas\/formation-continue\/","title":{"rendered":"Formation continue"},"content":{"rendered":"<ul>\n<li><strong><em>MOOC suivis sur France Universit\u00e9 Num\u00e9rique (FUN) et Coursera <\/em><\/strong><\/li>\n<\/ul>\n<p style=\"font-weight: 400\"><strong>2020\u00a0\u00a0\u00a0\u00a0\u00a0\u00a0\u00a0\u00a0\u00a0\u00a0\u00a0\u00a0\u00a0<\/strong><em>Neurolinguistics<\/em> (Universit\u00e9 d\u2019\u00c9tat de Saint P\u00e9tersbourg)<\/p>\n<p style=\"font-weight: 400\"><strong>\u00a0\u00a0\u00a0\u00a0\u00a0\u00a0\u00a0\u00a0\u00a0\u00a0\u00a0\u00a0\u00a0\u00a0\u00a0\u00a0\u00a0\u00a0\u00a0\u00a0\u00a0\u00a0\u00a0<\/strong>CATAPULT &#8211; Computer-Assisted Training And Platforms to Upskill LSP Teachers (Universit\u00e9 de Paris)<\/p>\n<p style=\"font-weight: 400\">\u00a0\u00a0\u00a0\u00a0\u00a0\u00a0\u00a0\u00a0\u00a0\u00a0\u00a0\u00a0\u00a0\u00a0\u00a0\u00a0\u00a0\u00a0\u00a0\u00a0\u00a0\u00a0\u00a0 R\u00e9alit\u00e9 virtuelle et pratiques p\u00e9dagogiques innovantes (Lyon 3)<\/p>\n<p style=\"font-weight: 400\"><strong>2019<\/strong>\u00a0 \u00a0 \u00a0 \u00a0 \u00a0 \u00a0 \u00a0 \u00a0Enseigner et former avec le num\u00e9rique en langues (Universit\u00e9 de Grenoble)<\/p>\n<p style=\"font-weight: 400\"><strong>2018 \u00a0 \u00a0 \u00a0 \u00a0 \u00a0 \u00a0 \u00a0<\/strong>Deep Learning (CNAM)<\/p>\n<p style=\"font-weight: 400\"><strong>\u00a0\u00a0\u00a0\u00a0\u00a0\u00a0\u00a0\u00a0\u00a0\u00a0\u00a0 \u00a0\u00a0\u00a0\u00a0\u00a0\u00a0\u00a0\u00a0\u00a0\u00a0\u00a0 <\/strong>\u00c9tudiants dyslexiques dans mon amphi\u00a0: comprendre et aider (ENS de Lyon)<\/p>\n<p style=\"font-weight: 400\">\u00a0 \u00a0 \u00a0 \u00a0 \u00a0 \u00a0 \u00a0 \u00a0 \u00a0 \u00a0 \u00a0 \u00a0 \u00a0 \u00c9ducation par la recherche\u00a0: neurosciences \u00e0 l\u2019\u00e9cole (Universit\u00e9 de Paris)<\/p>\n<p style=\"font-weight: 400\">\u00a0 \u00a0 \u00a0 \u00a0 \u00a0 \u00a0 \u00a0 \u00a0 \u00a0 \u00a0 \u00a0 \u00a0 \u00a0 Se former pour enseigner dans le sup\u00e9rieur (Enseignement sup)<\/p>\n<ul>\n<li><strong><em>Formations et journ\u00e9es d\u2019\u00e9tudes suivies \u00e0 l\u2019universit\u00e9 ou dans le cadre universitaire <\/em><\/strong><\/li>\n<\/ul>\n<p style=\"font-weight: 400\"><strong>2022\u00a0\u00a0\u00a0\u00a0\u00a0\u00a0\u00a0\u00a0\u00a0\u00a0\u00a0\u00a0\u00a0\u00a0\u00a0 <\/strong>Formation \u00ab\u00a0Accompagner et encadrer un doctorant\u00a0\u00bb. Adoc Metis et Universit\u00e9 de Lorraine.<\/p>\n<p style=\"font-weight: 400\"><strong>2018\u00a0\u00a0\u00a0\u00a0\u00a0\u00a0\u00a0\u00a0\u00a0\u00a0\u00a0\u00a0\u00a0\u00a0\u00a0 <\/strong>Formation \u00e0 l\u2019utilisation de Zotero. Universit\u00e9 de Lorraine<\/p>\n<p style=\"font-weight: 400\"><strong>2016<\/strong>\u00a0\u00a0\u00a0\u00a0\u00a0\u00a0\u00a0\u00a0\u00a0\u00a0\u00a0\u00a0\u00a0\u00a0\u00a0 S\u00e9minaires de formation en e-learning. Universit\u00e9 de Lyon<\/p>\n<p style=\"font-weight: 400\"><strong>2015\u00a0\u00a0\u00a0\u00a0\u00a0\u00a0\u00a0\u00a0\u00a0\u00a0\u00a0\u00a0\u00a0\u00a0\u00a0 <\/strong>Formation conception sujets CLES 2. ESPE de Paris, site Molitor<\/p>\n<p style=\"font-weight: 400\"><strong>2014\u00a0\u00a0\u00a0\u00a0\u00a0\u00a0\u00a0\u00a0\u00a0\u00a0\u00a0\u00a0\u00a0\u00a0\u00a0 <\/strong>Formation TOEFL (<em>propeller<\/em>). Ets Global, Lyon<\/p>\n<p style=\"font-weight: 400\"><strong>2013 &#8211; 2014<\/strong>\u00a0\u00a0\u00a0 S\u00e9minaires de formation en th\u00e9\u00e2tre organis\u00e9s par le Rectorat de Lyon :<\/p>\n<p style=\"font-weight: 400\"><strong>\u00a0\u00a0\u00a0\u00a0\u00a0\u00a0\u00a0\u00a0\u00a0\u00a0\u00a0\u00a0\u00a0\u00a0\u00a0\u00a0\u00a0\u00a0\u00a0\u00a0\u00a0\u00a0\u00a0\u00a0\u00a0\u00a0\u00a0\u00a0\u00a0\u00a0\u00a0\u00a0\u00a0\u00a0 <\/strong>\u00ab\u00a0Du Texte \u00e0 la Sc\u00e8ne\u00a0\u00bb, Op\u00e9ra-th\u00e9\u00e2tre de Saint Etienne<\/p>\n<p style=\"font-weight: 400\">\u00a0\u00a0\u00a0\u00a0\u00a0\u00a0\u00a0\u00a0\u00a0\u00a0\u00a0\u00a0\u00a0\u00a0\u00a0\u00a0\u00a0\u00a0\u00a0\u00a0\u00a0\u00a0\u00a0\u00a0\u00a0\u00a0\u00a0\u00a0\u00a0\u00a0\u00a0\u00a0\u00a0\u00a0 \u00ab\u00a0Oser le th\u00e9\u00e2tre contemporain en classe\u00a0\u00bb, Centre Theo Argence, Saint Priest<\/p>\n<p style=\"font-weight: 400\"><strong>2011 &#8211; 2014\u00a0\u00a0\u00a0 <\/strong>S\u00e9minaires de formation en e-learning. Participation aux matin\u00e9es et journ\u00e9es du e-learning. Universit\u00e9 de Lyon<\/p>\n<p style=\"font-weight: 400\"><strong>2012 <\/strong>\u00a0\u00a0\u00a0\u00a0\u00a0\u00a0\u00a0\u00a0\u00a0\u00a0\u00a0\u00a0\u00a0\u00a0 Formation \u00e0 la correction du CLES. Universit\u00e9 Lumi\u00e8re Lyon 2<\/p>\n<p style=\"font-weight: 400\"><strong>2010\u00a0\u00a0\u00a0\u00a0\u00a0\u00a0\u00a0\u00a0\u00a0\u00a0\u00a0\u00a0\u00a0\u00a0\u00a0 <\/strong>Formation \u00e0 l\u2019habilitation au TOEIC, TOEIC bridge et TFI. ETS Global, Lyon<\/p>\n","protected":false},"excerpt":{"rendered":"<p>MOOC suivis sur France Universit\u00e9 Num\u00e9rique (FUN) et Coursera 2020\u00a0\u00a0\u00a0\u00a0\u00a0\u00a0\u00a0\u00a0\u00a0\u00a0\u00a0\u00a0\u00a0Neurolinguistics (Universit\u00e9 d\u2019\u00c9tat de Saint P\u00e9tersbourg) \u00a0\u00a0\u00a0\u00a0\u00a0\u00a0\u00a0\u00a0\u00a0\u00a0\u00a0\u00a0\u00a0\u00a0\u00a0\u00a0\u00a0\u00a0\u00a0\u00a0\u00a0\u00a0\u00a0CATAPULT &#8211; Computer-Assisted Training And Platforms to Upskill LSP Teachers (Universit\u00e9 de Paris) \u00a0\u00a0\u00a0\u00a0\u00a0\u00a0\u00a0\u00a0\u00a0\u00a0\u00a0\u00a0\u00a0\u00a0\u00a0\u00a0\u00a0\u00a0\u00a0\u00a0\u00a0\u00a0\u00a0 R\u00e9alit\u00e9 virtuelle et pratiques p\u00e9dagogiques innovantes (Lyon 3) 2019\u00a0 \u00a0 \u00a0 &hellip; <a href=\"https:\/\/perso.atilf.fr\/vprivas\/formation-continue\/\">Continuer la lecture <span class=\"meta-nav\">&rarr;<\/span><\/a><\/p>\n","protected":false},"author":70,"featured_media":0,"parent":0,"menu_order":0,"comment_status":"closed","ping_status":"closed","template":"","meta":{"footnotes":""},"class_list":["post-677","page","type-page","status-publish","hentry"],"_links":{"self":[{"href":"https:\/\/perso.atilf.fr\/vprivas\/wp-json\/wp\/v2\/pages\/677","targetHints":{"allow":["GET"]}}],"collection":[{"href":"https:\/\/perso.atilf.fr\/vprivas\/wp-json\/wp\/v2\/pages"}],"about":[{"href":"https:\/\/perso.atilf.fr\/vprivas\/wp-json\/wp\/v2\/types\/page"}],"author":[{"embeddable":true,"href":"https:\/\/perso.atilf.fr\/vprivas\/wp-json\/wp\/v2\/users\/70"}],"replies":[{"embeddable":true,"href":"https:\/\/perso.atilf.fr\/vprivas\/wp-json\/wp\/v2\/comments?post=677"}],"version-history":[{"count":3,"href":"https:\/\/perso.atilf.fr\/vprivas\/wp-json\/wp\/v2\/pages\/677\/revisions"}],"predecessor-version":[{"id":769,"href":"https:\/\/perso.atilf.fr\/vprivas\/wp-json\/wp\/v2\/pages\/677\/revisions\/769"}],"wp:attachment":[{"href":"https:\/\/perso.atilf.fr\/vprivas\/wp-json\/wp\/v2\/media?parent=677"}],"curies":[{"name":"wp","href":"https:\/\/api.w.org\/{rel}","templated":true}]}}