{"id":13,"date":"2015-06-29T13:43:15","date_gmt":"2015-06-29T12:43:15","guid":{"rendered":"https:\/\/apps.atilf.fr\/homepages\/wsayer\/?page_id=13"},"modified":"2022-12-27T11:24:31","modified_gmt":"2022-12-27T10:24:31","slug":"informatique_vintage","status":"publish","type":"page","link":"https:\/\/perso.atilf.fr\/wsayer\/informatique_vintage\/","title":{"rendered":"Informatique vintage"},"content":{"rendered":"<p style=\"text-align: justify\">Depuis l&rsquo;ann\u00e9e 2002, je suis collectionneur d&rsquo;ordinateurs. La premi\u00e8re machine que j&rsquo;ai achet\u00e9e, \u00e9tait un <strong>Commodore Amiga 500<\/strong>. Cette ordinateur est dot\u00e9 d&rsquo;une puissance technologique fulgurante pour son \u00e9poque et \u00e0 un prix relativement comp\u00e9titif, 4990 Frs sans moniteur, moins cher que son a\u00een\u00e9 l&rsquo;<strong>Amiga 1000<\/strong> qui avait \u00e9t\u00e9 commercialis\u00e9 \u00e0 18000 Frs. Cette machine est \u00e9quip\u00e9e d&rsquo;une architecture 16 bits, un processeur <strong>Motorola 68000<\/strong> cadenc\u00e9 \u00e0 7,14 Mhz, dot\u00e9 d&rsquo;une capacit\u00e9 de 512 Ko de m\u00e9moire vive avec une \u00e9volution possible \u00e0 1 Mo. Exceptionnel pour l&rsquo;ann\u00e9e 1985, la naissance de l&rsquo;<strong>Amiga 500<\/strong>. Le syst\u00e8me d&rsquo;exploitation est propos\u00e9 sur disquette, dot\u00e9 d&rsquo;une interphace graphique utilisable avec la souris, c&rsquo;est l&rsquo;<strong>AmigaOS 1.3<\/strong>. L&rsquo;Amiga que je poss\u00e8de est dot\u00e9 d&rsquo;une carte d&rsquo;extension m\u00e9moire de 512 Ko ce qui permet d&rsquo;avoir un total de 1 Mo et il peut faire fonctionner plus de jeux dont certains de ces jeux exigent un minimum de 1 Mo de m\u00e9moire vive comme <strong>Shadow Of The Beast II<\/strong> ou <strong>Alien Breed II<\/strong>.<\/p>\n<p style=\"text-align: justify\">A ce jour, je poss\u00e8de quelques merveilles qui sont d\u00e9taill\u00e9es et test\u00e9es sur mon site <a href=\"https:\/\/geant.agc88.fr\/agc\" target=\"_blank\" rel=\"noopener noreferrer\"><b>mon site web<\/b><\/a> d\u00e9di\u00e9 aux vieilles antiquit\u00e9s.<\/p>\n<p style=\"text-align: justify\">Je suis \u00e9galement membre de l&rsquo;association <b>MO5.com<\/b> depuis Trois ans.<\/p>\n<hr \/>\n<p><strong><u>Quelques liens HTML<\/u><\/strong><\/p>\n<ul>\n<li style=\"list-style-type: none\">\n<ul>\n<li><a href=\"http:\/\/mo5.com\/asso\/\" target=\"_blank\" rel=\"noopener noreferrer\">MO5.COM<\/a><\/li>\n<li><a href=\"http:\/\/www.grospixels.com\/site\/index.php\" target=\"_blank\" rel=\"noopener noreferrer\">GrosPixels<\/a><\/li>\n<li><a href=\"http:\/\/mag.mo5.com\/actu\/67868\/antiquitech-10-lamstrad-cpc-6128\/\" target=\"_blank\" rel=\"noopener noreferrer\">Vid\u00e9o AntiquiTech Amstrad cpc 6128<\/a><\/li>\n<li><a href=\"http:\/\/www.clubic.com\/video\/antiqui-tech\/video-super-nintendo-en-video-re-decouvrez-la-console-culte-des-annees-90-antiqui-tech-464994.html\" target=\"_blank\" rel=\"noopener noreferrer\">Vid\u00e9o AntiquiTech Console Nintendo Super NES<\/a><\/li>\n<li><a href=\"http:\/\/www.clubic.com\/video\/antiqui-tech\/video-a-la-decouverte-de-l-apple-ii-en-video-l-ordinateur-anti-apple-de-steve-wozniak-461085.html\" target=\"_blank\" rel=\"noopener noreferrer\">Vid\u00e9o AntiquiTech Apple II<\/a><\/li>\n<li><a href=\"http:\/\/www.clubic.com\/video\/antiqui-tech\/video-ordinateur-next-cube-en-video-decouvrez-le-premier-serveur-web-au-monde-458559.html\" target=\"_blank\" rel=\"noopener noreferrer\">Vid\u00e9o AntiquiTech Ordinateur NeXT Cube<\/a><\/li>\n<\/ul>\n<\/li>\n<\/ul>\n<hr \/>\n<p><span style=\"text-decoration: underline\"><strong>Un peu d&rsquo;histoire :<\/strong><\/span><\/p>\n<p style=\"text-align: justify\">Le premier serveur WEB au monde \u00e9tait un serveur NeXT. C&rsquo;est Tim Berners Lee, physicien britannique qui travaillait au CERN (Conseil europ\u00e9en pour la recherche nucl\u00e9aire) \u00e0 Gen\u00e8ve et qui a mis au point le premier serveur WEB sur une machine NeXT. Il a mis en oeuvre la partie serveur et la partie HTML, le langage du WEB et \u00e9galement le c\u00f4t\u00e9 client, le navigateur WEB. En d\u00e9cembre 1990, la premi\u00e8re page \u00e9tait pos\u00e9e, celle-ci fut ouverte au public en ao\u00fbt 1991.<br \/>\nCette page est toujours disponible \u00e0 ce jour mais elle ne tourne plus sur un ordinateur NeXT. Pour la trouver, on tape dans le moteur de recherche <strong>GOOGLE<\/strong> les mots cl\u00e9s, <i>La premi\u00e8re page web au monde<\/i>, <a href=\"http:\/\/info.cern.ch\/hypertext\/WWW\/TheProject.html\" target=\"_blank\" rel=\"noopener noreferrer\"><strong>first web page<\/strong><\/a>, c&rsquo;est la premi\u00e8re occurrence qu&rsquo;il faut utiliser. C&rsquo;est une page avec du texte sans image qui explique, qu&rsquo;est-ce que le WEB, qu&rsquo;est ce que le HTML.<\/p>\n<p><img decoding=\"async\" src=\"https:\/\/perso.atilf.fr\/wsayer\/wp-content\/uploads\/sites\/20\/2018\/06\/TheFirstpPageWeb.png\" alt=\"premi\u00e8re page web\" width=\"500px\" \/><\/p>\n","protected":false},"excerpt":{"rendered":"<p>Depuis l&rsquo;ann\u00e9e 2002, je suis collectionneur d&rsquo;ordinateurs. La premi\u00e8re machine que j&rsquo;ai achet\u00e9e, \u00e9tait un Commodore Amiga 500. Cette ordinateur est dot\u00e9 d&rsquo;une puissance technologique fulgurante pour son \u00e9poque et \u00e0 un prix relativement comp\u00e9titif, 4990 Frs sans moniteur, moins &hellip; <a href=\"https:\/\/perso.atilf.fr\/wsayer\/informatique_vintage\/\">Continuer la lecture <span class=\"meta-nav\">&rarr;<\/span><\/a><\/p>\n","protected":false},"author":1,"featured_media":0,"parent":0,"menu_order":0,"comment_status":"closed","ping_status":"closed","template":"","meta":{"footnotes":""},"class_list":["post-13","page","type-page","status-publish","hentry"],"_links":{"self":[{"href":"https:\/\/perso.atilf.fr\/wsayer\/wp-json\/wp\/v2\/pages\/13","targetHints":{"allow":["GET"]}}],"collection":[{"href":"https:\/\/perso.atilf.fr\/wsayer\/wp-json\/wp\/v2\/pages"}],"about":[{"href":"https:\/\/perso.atilf.fr\/wsayer\/wp-json\/wp\/v2\/types\/page"}],"author":[{"embeddable":true,"href":"https:\/\/perso.atilf.fr\/wsayer\/wp-json\/wp\/v2\/users\/1"}],"replies":[{"embeddable":true,"href":"https:\/\/perso.atilf.fr\/wsayer\/wp-json\/wp\/v2\/comments?post=13"}],"version-history":[{"count":42,"href":"https:\/\/perso.atilf.fr\/wsayer\/wp-json\/wp\/v2\/pages\/13\/revisions"}],"predecessor-version":[{"id":427,"href":"https:\/\/perso.atilf.fr\/wsayer\/wp-json\/wp\/v2\/pages\/13\/revisions\/427"}],"wp:attachment":[{"href":"https:\/\/perso.atilf.fr\/wsayer\/wp-json\/wp\/v2\/media?parent=13"}],"curies":[{"name":"wp","href":"https:\/\/api.w.org\/{rel}","templated":true}]}}