{"id":15,"date":"2015-06-29T13:43:26","date_gmt":"2015-06-29T12:43:26","guid":{"rendered":"https:\/\/apps.atilf.fr\/homepages\/wsayer\/?page_id=15"},"modified":"2021-11-09T11:53:20","modified_gmt":"2021-11-09T10:53:20","slug":"projets","status":"publish","type":"page","link":"https:\/\/perso.atilf.fr\/wsayer\/projets\/","title":{"rendered":"Projets"},"content":{"rendered":"<h4><b>Projet en cours :<\/b><\/h4>\n<ul>\n<li>\n<h5>Int\u00e9gration du protocole ipv6 au sein du syst\u00e8me d&rsquo;information du laboratoire ATILF :<\/h5>\n<ol>\n<li>\n<h5>En partenariat avec Cyril Pestel, nous avons mis en &oelig;uvre une proc\u00e9dure de dockeurisation de GLPi vers la version 9.5.5.<br \/>\n        La plateforme a \u00e9t\u00e9 test\u00e9e via une plateforme de test : https:\/\/glpi-dev.atilf.fr. L&rsquo;int\u00e9gration va \u00eatre faite dans les prochaines semaines et officialiser la conteneurisation de GLPi.<\/h5>\n<\/li>\n<li>\n<h5>Pour le deuxi\u00e8me semestre de l&rsquo;ann\u00e9e 2020, mon objectif est d&rsquo;approfondir mes tests pour le choix d&rsquo;attribution des adresses IP aux stations de travail. Nul doute que j&rsquo;abandonnerai le DHCP statique pour un DHCP Dynamique car il devient trop lourd en IPv6 d&rsquo;utiliser cette technique sauf pour l&rsquo;IPv4. Il reste encore \u00e0 r\u00e9fl\u00e9chir pour la mise en &oelig;uvre des services DNS et DHCP sur la plateforme de test.<\/h5>\n<\/li>\n<li>\n<h5>En ao\u00fbt 2018, phase de test du fonctionnement du protocole IPv6 sur un serveur et une station de travail dans un environnement VirtualBox et en full ipv6.<br \/>\nJ&rsquo;ai r\u00e9alis\u00e9 des tests r\u00e9seau qui se sont av\u00e9r\u00e9s concluant sur le futur serveur DNS et DHCP IPv6, une vm de la plateforme de test VirtualBox. Ces tests concernent la navigation sur Internet utilisant des sites uniquement en ipv6, comme le moteur de recherche GOOGLE, le site MICROSOFT ou le portail de l&rsquo;Universit\u00e9 de Lorraine.<br \/>\nJ&rsquo;ai pu remarqu\u00e9 que le site de DELL n&rsquo;est pas accessible en ipv6 car il est configur\u00e9 uniquement sur le protocole ipv4. J&rsquo;ai pu remarquer que de nombreux sites WEB n&rsquo;ont pas encore fait le passage vers ce nouveau protocole.<\/h5>\n<\/li>\n<\/ol>\n<\/li>\n<li>\n<h5>Mise en &oelig;uvre d&rsquo;une plateforme de d\u00e9ploiement des logiciels et de la gestion des licences sous WAPT Enterprise.<\/h5>\n<ol>\n<li>\n<h5>Le 01 octobre 2018, j&rsquo;ai mis en &oelig;uvre une machine virtuelle wapt.atilf.fr fonctionnant actuellement sur la plateforme vsphere 6.7 en installant sur une distribution debian 9 l&rsquo;application client serveur WAPT Enterprise. Je suis rentr\u00e9 en relation avec la soci\u00e9t\u00e9 Tranquilit qui commercialise la partie \u00ab\u00a0Enterprise\u00a0\u00bb.<\/h5>\n<h5>J&rsquo;ai r\u00e9alis\u00e9 un test d&rsquo;installation d&rsquo;un paquet \u00ab\u00a0vlc\u00a0\u00bb sur une station de travail physique qui s&rsquo;est av\u00e9r\u00e9 concluant.<\/h5>\n<\/li>\n<li>\n<h5>Au 18 octobre 2018, je dois installer un paquet \u00e0 partir d&rsquo;Active Directory au sein de la console d&rsquo;administration WAPT.<\/h5>\n<\/li>\n<\/ol>\n<\/li>\n<\/ul>\n<h4><strong>Projets r\u00e9alis\u00e9s et mis en production :<\/strong><\/h4>\n<ul>\n<li>\n<h5>Au cours de l&rsquo;ann\u00e9e 2020, j&rsquo;ai migr\u00e9 le serveur GLPi vers la version 9.5.3 o\u00f9 des modification de la base de donn\u00e9es ont \u00e9t\u00e9 n\u00e9cessaire.<\/h5>\n<\/li>\n<li>D\u00e9but d&rsquo;ann\u00e9e 2020, mise \u00e0 niveau de GLPI de la version 9.2.4 vers la version 9.4.5, en ayant une attention particuli\u00e8re sur la compatibilit\u00e9 des plugins actuellement en fonction dans l&rsquo;infrastructure applicative du serveur GLPI.<\/li>\n<li>\n<h5>En 2017\/2018, mise \u00e0 niveau de GLPi de la version 0.90.5 en respectant le niveau des versions mineures et majeures. Actuellement, GLPi est la version 9.2.4 avec l&rsquo;int\u00e9gration de Fusioninventory en remplacement d&rsquo;OCSINVENTORY. Param\u00e9trage de FUSIONINVENTORY pour l&rsquo;inventaire des ordinateurs et le d\u00e9ploiement des logiciels.<br \/>\n<\/h5>\n<\/li>\n<li>\n<h5>En 2017, reconstruction du serveur GLPi sur un nouveau serveur virtualis\u00e9 CentOS 7 d\u00e9di\u00e9 uniquement \u00e0 la gestion du parc informatique.<\/h5>\n<\/li>\n<li>\n<h5>EN 2014, \u00e9tude, installation et configuration de la plateforme de sauvegarde Time Navigator :<\/h5>\n<ol>\n<li>\n<h5>En soutien avec un avant vente de la soci\u00e9t\u00e9 ASG, j&rsquo;ai r\u00e9cup\u00e9r\u00e9 les donn\u00e9es essentielles \u00e0 la configuration de notre nouveau serveur de sauvegarde.<br \/>\nJ&rsquo;ai pu construire d&rsquo;une mani\u00e8re tr\u00e8s pr\u00e9cise le serveur et la baie de stockage de la futur librairie TiNa :<\/h5>\n<ul>\n<li>\n<h5>Achat serveur \u00e9volutif DELL PowerEdge R730 avec disques 2&Prime;1\/2<\/h5>\n<\/li>\n<li>\n<h5>Disques SAS 10K t\/min en RAID 10, d\u2019une capacit\u00e9 de 1 To &#8211;&gt; Partition TiNa.<\/h5>\n<\/li>\n<li>\n<h5>Disques SAS 10K t\/min en RAID 1 &#8211;&gt; R\u00e9serv\u00e9 au syst\u00e8me d&rsquo;exploitation.<\/h5>\n<\/li>\n<li>\n<h5>Une capacit\u00e9 de 64 Go de m\u00e9moire vive est n\u00e9cessaire, pour accueillir la technologie \u00ab\u00a0HSS\u00a0\u00bb , en prenant compte d\u2019une possibilit\u00e9 d\u2019ajout de disque SSD.<\/h5>\n<\/li>\n<li>\n<h5>Disques SSD en RAID 1 &#8211;&gt; base de donn\u00e9es serveur de d\u00e9duplication HSS (HyperStream Server)<\/h5>\n<\/li>\n<\/ul>\n<\/li>\n<li>\n<h5>Installation et configuration du mat\u00e9riels actifs, serveur, baie de stockage et commutateurs CISCO d\u00e9di\u00e9s \u00e0 la sauvegarde. Mise \u00e0 niveau des agents install\u00e9 sur les diff\u00e9rents serveurs physiques.<\/h5>\n<\/li>\n<li>\n<h5>Mise en &oelig;uvre du serveur de d\u00e9duplication sur les disques SSD du serveur de sauvegarde.<\/h5>\n<\/li>\n<\/ol>\n<\/li>\n<li>\n<h5>En 2005, r\u00e9alisation de la mise en &oelig;uvre de l&rsquo;architecture Active Directory du syst\u00e8me d&rsquo;information avec le choix de deux contr\u00f4leur de domaine.<\/h5>\n<\/li>\n<\/ul>\n<p>&nbsp;<\/p>\n","protected":false},"excerpt":{"rendered":"<p>Projet en cours : Int\u00e9gration du protocole ipv6 au sein du syst\u00e8me d&rsquo;information du laboratoire ATILF : En partenariat avec Cyril Pestel, nous avons mis en &oelig;uvre une proc\u00e9dure de dockeurisation de GLPi vers la version 9.5.5. La plateforme a &hellip; <a href=\"https:\/\/perso.atilf.fr\/wsayer\/projets\/\">Continuer la lecture <span class=\"meta-nav\">&rarr;<\/span><\/a><\/p>\n","protected":false},"author":1,"featured_media":0,"parent":0,"menu_order":0,"comment_status":"closed","ping_status":"closed","template":"","meta":{"footnotes":""},"class_list":["post-15","page","type-page","status-publish","hentry"],"_links":{"self":[{"href":"https:\/\/perso.atilf.fr\/wsayer\/wp-json\/wp\/v2\/pages\/15","targetHints":{"allow":["GET"]}}],"collection":[{"href":"https:\/\/perso.atilf.fr\/wsayer\/wp-json\/wp\/v2\/pages"}],"about":[{"href":"https:\/\/perso.atilf.fr\/wsayer\/wp-json\/wp\/v2\/types\/page"}],"author":[{"embeddable":true,"href":"https:\/\/perso.atilf.fr\/wsayer\/wp-json\/wp\/v2\/users\/1"}],"replies":[{"embeddable":true,"href":"https:\/\/perso.atilf.fr\/wsayer\/wp-json\/wp\/v2\/comments?post=15"}],"version-history":[{"count":35,"href":"https:\/\/perso.atilf.fr\/wsayer\/wp-json\/wp\/v2\/pages\/15\/revisions"}],"predecessor-version":[{"id":404,"href":"https:\/\/perso.atilf.fr\/wsayer\/wp-json\/wp\/v2\/pages\/15\/revisions\/404"}],"wp:attachment":[{"href":"https:\/\/perso.atilf.fr\/wsayer\/wp-json\/wp\/v2\/media?parent=15"}],"curies":[{"name":"wp","href":"https:\/\/api.w.org\/{rel}","templated":true}]}}