{"id":190,"date":"2015-09-04T09:03:10","date_gmt":"2015-09-04T08:03:10","guid":{"rendered":"https:\/\/apps.atilf.fr\/homepages\/wsayer\/?page_id=190"},"modified":"2020-07-01T14:16:37","modified_gmt":"2020-07-01T13:16:37","slug":"plateforme-de-deploiement-de-windows-7-professional","status":"publish","type":"page","link":"https:\/\/perso.atilf.fr\/wsayer\/plateforme-de-deploiement-de-windows-7-professional\/","title":{"rendered":"Plateforme de d\u00e9ploiement de Windows 7 Professional"},"content":{"rendered":"<p><b>Documentations sur les principes, installation et configuration de la plateforme de d\u00e9ploiement de Windows 7 Professional<\/b><\/p>\n<p><a href=\"https:\/\/perso.atilf.fr\/wsayer\/wp-content\/uploads\/sites\/20\/2015\/09\/De\u0301ploiement_WDS_MDT.pdf\" target=\"_blank\" rel=\"noopener noreferrer\">Deploiement_WDS_MDT<\/a><\/p>\n<p>A ce jour, les d\u00e9ploiements ne concernent que le syst\u00e8me Windows 10 Professional version 1909. La version 2004 est disponible mais il faut d&rsquo;abord la tester avant de la d\u00e9ployer afin d&rsquo;\u00e9viter tout d\u00e9sagr\u00e9ment\u00a0 syst\u00e8me. D&rsquo;ailleurs Microsoft ne la pas publi\u00e9 dans les mises \u00e0 jour WSUS. Le principe reste le m\u00eame au niveau du d\u00e9ploiement des syst\u00e8mes d&rsquo;exploitation Windows.<\/p>\n","protected":false},"excerpt":{"rendered":"<p>Documentations sur les principes, installation et configuration de la plateforme de d\u00e9ploiement de Windows 7 Professional Deploiement_WDS_MDT A ce jour, les d\u00e9ploiements ne concernent que le syst\u00e8me Windows 10 Professional version 1909. La version 2004 est disponible mais il faut &hellip; <a href=\"https:\/\/perso.atilf.fr\/wsayer\/plateforme-de-deploiement-de-windows-7-professional\/\">Continuer la lecture <span class=\"meta-nav\">&rarr;<\/span><\/a><\/p>\n","protected":false},"author":24,"featured_media":0,"parent":0,"menu_order":0,"comment_status":"closed","ping_status":"closed","template":"","meta":{"footnotes":""},"class_list":["post-190","page","type-page","status-publish","hentry"],"_links":{"self":[{"href":"https:\/\/perso.atilf.fr\/wsayer\/wp-json\/wp\/v2\/pages\/190","targetHints":{"allow":["GET"]}}],"collection":[{"href":"https:\/\/perso.atilf.fr\/wsayer\/wp-json\/wp\/v2\/pages"}],"about":[{"href":"https:\/\/perso.atilf.fr\/wsayer\/wp-json\/wp\/v2\/types\/page"}],"author":[{"embeddable":true,"href":"https:\/\/perso.atilf.fr\/wsayer\/wp-json\/wp\/v2\/users\/24"}],"replies":[{"embeddable":true,"href":"https:\/\/perso.atilf.fr\/wsayer\/wp-json\/wp\/v2\/comments?post=190"}],"version-history":[{"count":6,"href":"https:\/\/perso.atilf.fr\/wsayer\/wp-json\/wp\/v2\/pages\/190\/revisions"}],"predecessor-version":[{"id":377,"href":"https:\/\/perso.atilf.fr\/wsayer\/wp-json\/wp\/v2\/pages\/190\/revisions\/377"}],"wp:attachment":[{"href":"https:\/\/perso.atilf.fr\/wsayer\/wp-json\/wp\/v2\/media?parent=190"}],"curies":[{"name":"wp","href":"https:\/\/api.w.org\/{rel}","templated":true}]}}