{"id":201,"date":"2015-09-04T09:51:33","date_gmt":"2015-09-04T08:51:33","guid":{"rendered":"https:\/\/apps.atilf.fr\/homepages\/wsayer\/?page_id=201"},"modified":"2015-10-02T06:46:29","modified_gmt":"2015-10-02T05:46:29","slug":"licence-3-informatique","status":"publish","type":"page","link":"https:\/\/perso.atilf.fr\/wsayer\/licence-3-informatique\/","title":{"rendered":"Licence 3 Informatique"},"content":{"rendered":"<p>Mes Cours de l&rsquo;ann\u00e9e universitaire 2014\/2015 de la licence 3 informatique de l&rsquo;universit\u00e9 de Besan\u00e7on.<\/p>\n<p><strong><u>Base de donn\u00e9es :<\/u><\/strong><\/p>\n<ul>\n<li><a href=\"https:\/\/perso.atilf.fr\/wsayer\/wp-content\/uploads\/sites\/20\/2015\/09\/CoursBD.pdf\" target=\"_blank\">CoursBD<\/a><\/li>\n<ul>\n<li>\n<h6><strong>Mot de passe :<\/strong> <em>bd-lid<\/em><\/h6>\n<\/li>\n<\/ul>\n<\/ul>\n<p><strong><u>Architecture des syst\u00e8mes d&rsquo;information :<\/u><\/strong><\/p>\n<ul>\n<li><a href=\"https:\/\/perso.atilf.fr\/wsayer\/wp-content\/uploads\/sites\/20\/2015\/09\/asi.pdf\" target=\"_blank\">asi<\/a><\/li>\n<\/ul>\n<p><strong><u>Analyse et Mod\u00e9lisation des Syst\u00e8mes d&rsquo;Information (MERISE) :<\/u><\/strong><\/p>\n<ul>\n<li><a href=\"https:\/\/perso.atilf.fr\/wsayer\/wp-content\/uploads\/sites\/20\/2015\/09\/COURS_EAD_AMSI.pdf\" target=\"_blank\">COURS_EAD_AMSI<\/a><\/li>\n<\/ul>\n<p><strong><u>Langage du WEB :<\/u><\/strong><\/p>\n<ul>\n<li><a href=\"https:\/\/perso.atilf.fr\/wsayer\/wp-content\/uploads\/sites\/20\/2015\/09\/HTML.pdf\" target=\"_blank\">HTML<\/a><\/li>\n<li><a href=\"https:\/\/perso.atilf.fr\/wsayer\/wp-content\/uploads\/sites\/20\/2015\/09\/DOM.pdf\" target=\"_blank\">DOM<\/a><\/li>\n<li><a href=\"https:\/\/perso.atilf.fr\/wsayer\/wp-content\/uploads\/sites\/20\/2015\/09\/CSS.pdf\" target=\"_blank\">CSS<\/a><\/li>\n<\/ul>\n<p><strong><u>M\u00e9thode formelle :<\/u><\/strong><\/p>\n<ul>\n<li><a href=\"https:\/\/perso.atilf.fr\/wsayer\/wp-content\/uploads\/sites\/20\/2015\/09\/1supportMF.pdf\" target=\"_blank\">1supportMF<\/a><\/li>\n<\/ul>\n<p><strong><u>M\u00e9thodes et outils pour la programmation :<\/u><\/strong><\/p>\n<ul>\n<li><a href=\"https:\/\/perso.atilf.fr\/wsayer\/wp-content\/uploads\/sites\/20\/2015\/09\/mop.pdf\" target=\"_blank\">mop<\/a><\/li>\n<\/ul>\n<p><strong><u>Syst\u00e8me et r\u00e9seau :<\/u><\/strong><\/p>\n<ul>\n<li><a href=\"https:\/\/perso.atilf.fr\/wsayer\/wp-content\/uploads\/sites\/20\/2015\/09\/mainSR.pdf\" target=\"_blank\">mainSR<\/a><\/li>\n<\/ul>\n<p><strong><u>Th\u00e9orie des Langages, S\u00e9mantique et Preuve :<\/u><\/strong><\/p>\n<ul>\n<li>Th\u00e9orie des langages :<\/li>\n<ul>\n<li><a href=\"https:\/\/perso.atilf.fr\/wsayer\/wp-content\/uploads\/sites\/20\/2015\/09\/Chap1TL.pdf\" target=\"_blank\">Chap1TL<\/a><\/li>\n<li><a href=\"https:\/\/perso.atilf.fr\/wsayer\/wp-content\/uploads\/sites\/20\/2015\/09\/Chap1TL.pdf\" target=\"_blank\">Chap2TL<\/a><\/li>\n<li><a href=\"https:\/\/perso.atilf.fr\/wsayer\/wp-content\/uploads\/sites\/20\/2015\/09\/Chap1TL.pdf\" target=\"_blank\">Chap3TL<\/a><\/li>\n<li><a href=\"https:\/\/perso.atilf.fr\/wsayer\/wp-content\/uploads\/sites\/20\/2015\/09\/Chap1TL.pdf\" target=\"_blank\">Chap4TL<\/a><\/li>\n<\/ul>\n<li>S\u00e9mantique et preuve de programmes :<\/li>\n<ul>\n<li><a href=\"https:\/\/perso.atilf.fr\/wsayer\/wp-content\/uploads\/sites\/20\/2015\/09\/CoursLH.pdf\">Chap4TL<\/a><\/li>\n<\/ul>\n<\/ul>\n","protected":false},"excerpt":{"rendered":"<p>Mes Cours de l&rsquo;ann\u00e9e universitaire 2014\/2015 de la licence 3 informatique de l&rsquo;universit\u00e9 de Besan\u00e7on. Base de donn\u00e9es : CoursBD Mot de passe : bd-lid Architecture des syst\u00e8mes d&rsquo;information : asi Analyse et Mod\u00e9lisation des Syst\u00e8mes d&rsquo;Information (MERISE) : COURS_EAD_AMSI &hellip; <a href=\"https:\/\/perso.atilf.fr\/wsayer\/licence-3-informatique\/\">Continuer la lecture <span class=\"meta-nav\">&rarr;<\/span><\/a><\/p>\n","protected":false},"author":24,"featured_media":0,"parent":0,"menu_order":0,"comment_status":"closed","ping_status":"closed","template":"","meta":{"footnotes":""},"class_list":["post-201","page","type-page","status-publish","hentry"],"_links":{"self":[{"href":"https:\/\/perso.atilf.fr\/wsayer\/wp-json\/wp\/v2\/pages\/201","targetHints":{"allow":["GET"]}}],"collection":[{"href":"https:\/\/perso.atilf.fr\/wsayer\/wp-json\/wp\/v2\/pages"}],"about":[{"href":"https:\/\/perso.atilf.fr\/wsayer\/wp-json\/wp\/v2\/types\/page"}],"author":[{"embeddable":true,"href":"https:\/\/perso.atilf.fr\/wsayer\/wp-json\/wp\/v2\/users\/24"}],"replies":[{"embeddable":true,"href":"https:\/\/perso.atilf.fr\/wsayer\/wp-json\/wp\/v2\/comments?post=201"}],"version-history":[{"count":17,"href":"https:\/\/perso.atilf.fr\/wsayer\/wp-json\/wp\/v2\/pages\/201\/revisions"}],"predecessor-version":[{"id":239,"href":"https:\/\/perso.atilf.fr\/wsayer\/wp-json\/wp\/v2\/pages\/201\/revisions\/239"}],"wp:attachment":[{"href":"https:\/\/perso.atilf.fr\/wsayer\/wp-json\/wp\/v2\/media?parent=201"}],"curies":[{"name":"wp","href":"https:\/\/api.w.org\/{rel}","templated":true}]}}