{"id":25,"date":"2015-06-29T13:45:00","date_gmt":"2015-06-29T12:45:00","guid":{"rendered":"https:\/\/apps.atilf.fr\/homepages\/wsayer\/?page_id=25"},"modified":"2015-09-04T08:54:46","modified_gmt":"2015-09-04T07:54:46","slug":"recherche","status":"publish","type":"page","link":"https:\/\/perso.atilf.fr\/wsayer\/recherche\/","title":{"rendered":"Documentations"},"content":{"rendered":"<p><strong><span style=\"text-decoration: underline\">R\u00e9sum\u00e9<\/span><\/strong><\/p>\n<p>&nbsp;<\/p>\n<p><span style=\"text-decoration: underline\"><strong>T\u00e9l\u00e9chargement<\/strong><\/span><\/p>\n","protected":false},"excerpt":{"rendered":"<p>R\u00e9sum\u00e9 &nbsp; T\u00e9l\u00e9chargement<\/p>\n","protected":false},"author":1,"featured_media":0,"parent":0,"menu_order":0,"comment_status":"closed","ping_status":"closed","template":"","meta":{"footnotes":""},"class_list":["post-25","page","type-page","status-publish","hentry"],"_links":{"self":[{"href":"https:\/\/perso.atilf.fr\/wsayer\/wp-json\/wp\/v2\/pages\/25","targetHints":{"allow":["GET"]}}],"collection":[{"href":"https:\/\/perso.atilf.fr\/wsayer\/wp-json\/wp\/v2\/pages"}],"about":[{"href":"https:\/\/perso.atilf.fr\/wsayer\/wp-json\/wp\/v2\/types\/page"}],"author":[{"embeddable":true,"href":"https:\/\/perso.atilf.fr\/wsayer\/wp-json\/wp\/v2\/users\/1"}],"replies":[{"embeddable":true,"href":"https:\/\/perso.atilf.fr\/wsayer\/wp-json\/wp\/v2\/comments?post=25"}],"version-history":[{"count":4,"href":"https:\/\/perso.atilf.fr\/wsayer\/wp-json\/wp\/v2\/pages\/25\/revisions"}],"predecessor-version":[{"id":187,"href":"https:\/\/perso.atilf.fr\/wsayer\/wp-json\/wp\/v2\/pages\/25\/revisions\/187"}],"wp:attachment":[{"href":"https:\/\/perso.atilf.fr\/wsayer\/wp-json\/wp\/v2\/media?parent=25"}],"curies":[{"name":"wp","href":"https:\/\/api.w.org\/{rel}","templated":true}]}}