{"id":35,"date":"2015-06-29T13:47:31","date_gmt":"2015-06-29T12:47:31","guid":{"rendered":"https:\/\/apps.atilf.fr\/homepages\/wsayer\/?page_id=35"},"modified":"2018-06-21T09:45:22","modified_gmt":"2018-06-21T08:45:22","slug":"accueil","status":"publish","type":"page","link":"https:\/\/perso.atilf.fr\/wsayer\/","title":{"rendered":"Accueil"},"content":{"rendered":"<h2 id=\"tablepress-3-name\" class=\"tablepress-table-name tablepress-table-name-id-3\"><\/h2>\n\n<table id=\"tablepress-3\" class=\"tablepress tablepress-id-3\" aria-labelledby=\"tablepress-3-name\">\n<thead>\n<tr class=\"row-1\">\n\t<th class=\"column-1\"><img loading=\"lazy\" decoding=\"async\" src=\"https:\/\/perso.atilf.fr\/wsayer\/wp-content\/uploads\/sites\/20\/2018\/10\/Capture-d\u2019e\u0301cran-2018-10-18-a\u0300-14.16.25.png\" alt=\"\" width=\"150\" height=\"100\" class=\"alignnone size-medium wp-image-177\" \/><\/a><\/th>\n<\/tr>\n<\/thead>\n<tbody class=\"row-striping row-hover\">\n<\/tbody>\n<\/table>\n<!-- #tablepress-3 from cache -->\n<p><span style=\"text-decoration: underline\"><strong>Coordonn\u00e9es au laboratoire ATILF<\/strong><\/span><\/p>\n\n<table id=\"tablepress-4\" class=\"tablepress tablepress-id-4\">\n<tbody class=\"row-striping\">\n<tr class=\"row-1\">\n\t<td class=\"column-1\">\u00c9quipe<\/td><td class=\"column-2\">STR\/Syst&egrave;mes &amp; R&eacute;seaux<\/td>\n<\/tr>\n<tr class=\"row-2\">\n\t<td class=\"column-1\">Courriel<\/td><td class=\"column-2\">william.sayer[at]atilf.fr<\/td>\n<\/tr>\n<tr class=\"row-3\">\n\t<td class=\"column-1\">T\u00e9l\u00e9phone<\/td><td class=\"column-2\">+33 (0)3 54 50 53 53<br \/>\n+33 (0)3 54 50 53 56<\/td>\n<\/tr>\n<tr class=\"row-4\">\n\t<td class=\"column-1\">Lieu<\/td><td class=\"column-2\">Bureau 003\/S14 - RDC\/Sous-sol - <a href=\"https:\/\/www.atilf.fr\/laboratoire\/presentation-francais\/#historique\" target=\"_blank\" rel=\"noopener noreferrer\">B\u00e2timent CNRS<\/a><\/td>\n<\/tr>\n<tr class=\"row-5\">\n\t<td class=\"column-1\">Adresse<\/td><td class=\"column-2\">ATILF (CNRS &amp; Universit\u00e9 de Lorraine) <br \/>\n44, avenue de la Lib\u00e9ration <br \/>\nB.P. 30687 <br \/>\n54063 Nancy Cedex<\/td>\n<\/tr>\n<tr class=\"row-6\">\n\t<td class=\"column-1\">Fonctions<\/td><td class=\"column-2\">Ing\u00e9nieur d'\u00e9tude \/ Administrateur Syst\u00e8mes et R\u00e9seaux<br \/>\nIntervenant d'enseignement \u00e0 l'<a href=\"https:\/\/www.univ-lorraine.fr\/\" target=\"_blank\" rel=\"noopener noreferrer\">Universit\u00e9 de Lorraine<\/a> \/ Humanit\u00e9s Num\u00e9riques et \u00e9cole d'ing\u00e9nieur <a href=\"https:\/\/isga.ma\/\" target=\"_blank\" rel=\"noopener noreferrer\">ISGA<\/a> de Rabat au Maroc<\/td>\n<\/tr>\n<\/tbody>\n<\/table>\n<!-- #tablepress-4 from cache -->\n","protected":false},"excerpt":{"rendered":"<p>Coordonn\u00e9es au laboratoire ATILF<\/p>\n","protected":false},"author":1,"featured_media":0,"parent":0,"menu_order":0,"comment_status":"closed","ping_status":"closed","template":"","meta":{"footnotes":""},"class_list":["post-35","page","type-page","status-publish","hentry"],"_links":{"self":[{"href":"https:\/\/perso.atilf.fr\/wsayer\/wp-json\/wp\/v2\/pages\/35","targetHints":{"allow":["GET"]}}],"collection":[{"href":"https:\/\/perso.atilf.fr\/wsayer\/wp-json\/wp\/v2\/pages"}],"about":[{"href":"https:\/\/perso.atilf.fr\/wsayer\/wp-json\/wp\/v2\/types\/page"}],"author":[{"embeddable":true,"href":"https:\/\/perso.atilf.fr\/wsayer\/wp-json\/wp\/v2\/users\/1"}],"replies":[{"embeddable":true,"href":"https:\/\/perso.atilf.fr\/wsayer\/wp-json\/wp\/v2\/comments?post=35"}],"version-history":[{"count":38,"href":"https:\/\/perso.atilf.fr\/wsayer\/wp-json\/wp\/v2\/pages\/35\/revisions"}],"predecessor-version":[{"id":311,"href":"https:\/\/perso.atilf.fr\/wsayer\/wp-json\/wp\/v2\/pages\/35\/revisions\/311"}],"wp:attachment":[{"href":"https:\/\/perso.atilf.fr\/wsayer\/wp-json\/wp\/v2\/media?parent=35"}],"curies":[{"name":"wp","href":"https:\/\/api.w.org\/{rel}","templated":true}]}}