{"id":23,"date":"2015-06-29T13:44:14","date_gmt":"2015-06-29T12:44:14","guid":{"rendered":"https:\/\/apps.atilf.fr\/homepages\/?page_id=23"},"modified":"2023-10-20T10:42:45","modified_gmt":"2023-10-20T09:42:45","slug":"cv","status":"publish","type":"page","link":"https:\/\/perso.atilf.fr\/ygreub\/cv\/","title":{"rendered":"CV"},"content":{"rendered":"<p><span style=\"text-decoration: underline\"><strong>T\u00e9l\u00e9chargement<\/strong><\/span><\/p>\n<p><a href=\"https:\/\/perso.atilf.fr\/ygreub\/wp-content\/uploads\/sites\/84\/2020\/11\/Curriculum_Vitae_ATILF_Greub_Yan.pdf\" target=\"_blank\" rel=\"noopener noreferrer\">T\u00e9l\u00e9charger mon CV<\/a><\/p>\n<p><span style=\"text-decoration: underline\"><strong>Formation<\/strong><\/span><\/p>\n<p>Scolarit\u00e9 jusqu\u2019\u00e0 la maturit\u00e9 f\u00e9d\u00e9rale (type C, scientifique, 1989) \u00e0 la Chaux-de-Fonds. Licence \u00e8s lettres, Universit\u00e9 de Neuch\u00e2tel (langue et litt\u00e9rature fran\u00e7aises du moyen \u00e2ge\u00a0; langue et litt\u00e9rature fran\u00e7aises modernes\u00a0; histoire), mention Bien (1996). Doctorat des Universit\u00e9s \u00a0de Neuch\u00e2tel (mention Summa cum laude) et Paris-Sorbonne (mention Tr\u00e8s honorable et f\u00e9licitations du jury), th\u00e8se soutenue le 21 juin 2002.<\/p>\n<p><span style=\"text-decoration: underline\"><strong>Bourses et r\u00e9compenses<\/strong><\/span><br \/>\nPrix Werner G\u00fcnther (Universit\u00e9 de Neuch\u00e2tel, Licence, 1996)\u00a0; prix Eug\u00e8ne-Ferdinand Piccard (Universit\u00e9 de Neuch\u00e2tel, Doctorat, 2002)\u00a0; prix Albert Dauzat (Soci\u00e9t\u00e9 de Linguistique romane, 2003). Bourse \u00ab\u00a0chercheur d\u00e9butant\u00a0\u00bb du FNS (1999-2000)\u00a0; bourse \u00ab\u00a0chercheur avanc\u00e9\u00a0\u00bb du FNS (2006-2008)\u00a0; membre de l\u2019Institut suisse de Rome (2008-2009).<\/p>\n<p><span style=\"text-decoration: underline\"><strong>Emplois<\/strong><\/span><br \/>\nAssistant de M. G. Eckard \u00e0 la chaire de langue et litt\u00e9rature fran\u00e7aises du moyen \u00e2ge, Universit\u00e9 de Neuch\u00e2tel, 1996-1999\u00a0; r\u00e9dacteur au <em>Franz\u00f6sisches Etymologisches W\u00f6rterbuch<\/em>, CNRS-ATILF, Nancy, poste \u00e0 temps partiel (50 %) du Fonds national suisse de la recherche scientifique (2000-2002)\u00a0; Collaborateur scientifique au <em>Glossaire des patois de la Suisse romande<\/em>, Neuch\u00e2tel, poste \u00e0 temps partiel (25 %, 2001)\u00a0; ma\u00eetre-assistant en langue et litt\u00e9rature fran\u00e7aises du moyen \u00e2ge, Universit\u00e9 de Neuch\u00e2tel (2002-2006, enseignement aux universit\u00e9s de Neuch\u00e2tel et Berne)\u00a0; charg\u00e9 de recherche (1<sup>\u00e8re<\/sup> classe) au Centre national de la recherche scientifique, laboratoire ATILF de Nancy (depuis 2009)\u00a0; directeur du <em>Glossaire des Patois de la Suisse romande<\/em> (depuis 2018).<\/p>\n<p><span style=\"text-decoration: underline\"><strong>Autres activit\u00e9s d\u2019enseignement<\/strong><\/span><br \/>\nMa\u00eetre-assistant suppl\u00e9ant en litt\u00e9rature fran\u00e7aise du moyen \u00e2ge \u00e0 l\u2019Universit\u00e9 de Lausanne (remplacement de M. J.-Cl. M\u00fchlethaler, engagement \u00e0 25%, 2006) ; charg\u00e9 de cours \u00e0 l\u2019Universit\u00e9 de Lorraine (2012-2013, 2016-2017) ; charg\u00e9 de cours \u00e0 l\u2019Universit\u00e9 de Gen\u00e8ve (2018) ; charg\u00e9 d\u2019enseignement \u00e0 l\u2019Universit\u00e9 de Neuch\u00e2tel (2019-2021); charg\u00e9 de cours \u00e0 l&rsquo;Universit\u00e9 de Neuch\u00e2tel (depuis 2021).<\/p>\n<p><span style=\"text-decoration: underline\"><strong>T\u00e2ches administratives et d\u2019encadrement<\/strong><\/span><br \/>\nDe 2012 \u00e0 2020, responsable de l\u2019\u00e9quipe \u00ab <a href=\"https:\/\/www.atilf.fr\/recherche\/equipes\/linguistique-historique-francaise-et-romane\/\" target=\"_blank\" rel=\"noopener noreferrer\">Linguistique historique fran\u00e7aise et romane<\/a> \u00bb du laboratoire ATILF;<br \/>\nDe 2018 \u00e0 2022, <a href=\"https:\/\/www.atilf.fr\/laboratoire\/instances\/#directeur\" target=\"_blank\" rel=\"noopener noreferrer\">directeur adjoint du laboratoire ATILF<\/a> ; membre du <a href=\"https:\/\/www.atilf.fr\/laboratoire\/instances\/#conseillabo\" target=\"_blank\" rel=\"noopener noreferrer\">conseil de laboratoire<\/a> et de l\u2019<a href=\"https:\/\/www.atilf.fr\/laboratoire\/instances\/#directionelargie\" target=\"_blank\" rel=\"noopener noreferrer\">\u00e9quipe de direction \u00e9largie<\/a> du laboratoire ATILF, membre, puis pr\u00e9sident de son <a href=\"https:\/\/www.atilf.fr\/laboratoire\/instances\/#cds\" target=\"_blank\" rel=\"noopener noreferrer\">conseil de direction scientifique<\/a> ;<br \/>\nDe 2019 \u00e0 2022, membre du <a href=\"https:\/\/www.univ-lorraine.fr\/les-instances-de-decision-et-de-consultation\" target=\"_blank\" rel=\"noopener noreferrer\">conseil scientifique de l\u2019Universit\u00e9 de Lorraine<\/a>.<\/p>\n<p><span style=\"text-decoration: underline\"><strong>Autres<\/strong><\/span><br \/>\nDepuis 2011, directeur du <em>Franz\u00f6sisches Etymologisches W\u00f6rterbuch\u00a0<\/em>; membre du comit\u00e9 scientifique de la revue <em>Le fran\u00e7ais pr\u00e9classique\u00a0<\/em>; membre du comit\u00e9 scientifique de la collection \u00ab\u00a0Textes litt\u00e9raires du Moyen \u00c2ge\u00a0\u00bb des Classiques Garnier\u00a0; commissaire pour la Soci\u00e9t\u00e9 des anciens textes fran\u00e7ais\u00a0; membre du conseil d\u2019administration de la Soci\u00e9t\u00e9 des anciens textes fran\u00e7ais\u00a0; membre de l\u2019<em>Advisory Board<\/em> de l\u2019<em>Anglo-Norman Dictionary\u00a0<\/em>; membre du comit\u00e9 scientifique de la <em>Revue critique de philologie romane\u00a0<\/em>; membre du comit\u00e9 scientifique de la collection \u00ab\u00a0Filologia classica e Medievale\u00a0\u00bb de \u00ab\u00a0L\u2019Erma\u00a0\u00bb di Bretschneider\u00a0; membre du Curatorium de <em>Vox Romanica<\/em> et des <em>Romanica Helvetica <\/em>; membre du Curatorium du <em>Franz\u00f6sisches Etymologisches W\u00f6rterbuch<\/em>. Membre des soci\u00e9t\u00e9s savantes suivantes : Anglo-norman text society, Collegium romanicum helveticorum, Comit\u00e9 des travaux historiques et scientifiques, Soci\u00e9t\u00e9 des anciens textes fran\u00e7ais, Soci\u00e9t\u00e9 internationale arthurienne, Soci\u00e9t\u00e9 internationale de diachronie du fran\u00e7ais, Soci\u00e9t\u00e9 de linguistique de Paris, Soci\u00e9t\u00e9 de linguistique romane, Soci\u00e9t\u00e9 Rencesvals, Soci\u00e9t\u00e9 internationale de litt\u00e9rature courtoise.<\/p>\n<p>&nbsp;<\/p>\n","protected":false},"excerpt":{"rendered":"<p>T\u00e9l\u00e9chargement T\u00e9l\u00e9charger mon CV Formation Scolarit\u00e9 jusqu\u2019\u00e0 la maturit\u00e9 f\u00e9d\u00e9rale (type C, scientifique, 1989) \u00e0 la Chaux-de-Fonds. Licence \u00e8s lettres, Universit\u00e9 de Neuch\u00e2tel (langue et litt\u00e9rature fran\u00e7aises du moyen \u00e2ge\u00a0; langue et litt\u00e9rature fran\u00e7aises modernes\u00a0; histoire), mention Bien (1996). Doctorat des Universit\u00e9s \u00a0de Neuch\u00e2tel (mention Summa cum laude) et Paris-Sorbonne (mention Tr\u00e8s honorable et f\u00e9licitations [&hellip;]<\/p>\n","protected":false},"author":1,"featured_media":0,"parent":0,"menu_order":0,"comment_status":"closed","ping_status":"closed","template":"","meta":{"footnotes":""},"class_list":["post-23","page","type-page","status-publish","hentry"],"_links":{"self":[{"href":"https:\/\/perso.atilf.fr\/ygreub\/wp-json\/wp\/v2\/pages\/23","targetHints":{"allow":["GET"]}}],"collection":[{"href":"https:\/\/perso.atilf.fr\/ygreub\/wp-json\/wp\/v2\/pages"}],"about":[{"href":"https:\/\/perso.atilf.fr\/ygreub\/wp-json\/wp\/v2\/types\/page"}],"author":[{"embeddable":true,"href":"https:\/\/perso.atilf.fr\/ygreub\/wp-json\/wp\/v2\/users\/1"}],"replies":[{"embeddable":true,"href":"https:\/\/perso.atilf.fr\/ygreub\/wp-json\/wp\/v2\/comments?post=23"}],"version-history":[{"count":22,"href":"https:\/\/perso.atilf.fr\/ygreub\/wp-json\/wp\/v2\/pages\/23\/revisions"}],"predecessor-version":[{"id":359,"href":"https:\/\/perso.atilf.fr\/ygreub\/wp-json\/wp\/v2\/pages\/23\/revisions\/359"}],"wp:attachment":[{"href":"https:\/\/perso.atilf.fr\/ygreub\/wp-json\/wp\/v2\/media?parent=23"}],"curies":[{"name":"wp","href":"https:\/\/api.w.org\/{rel}","templated":true}]}}