{"id":235,"date":"2018-03-09T09:54:36","date_gmt":"2018-03-09T08:54:36","guid":{"rendered":"https:\/\/apps.atilf.fr\/homepages\/ykeromnes\/?page_id=235"},"modified":"2018-03-09T10:07:42","modified_gmt":"2018-03-09T09:07:42","slug":"testuytgui","status":"publish","type":"page","link":"https:\/\/perso.atilf.fr\/ykeromnes\/de\/testuytgui\/","title":{"rendered":"Heim"},"content":{"rendered":"<p><a href=\"https:\/\/perso.atilf.fr\/ykeromnes\/wp-content\/uploads\/sites\/68\/2016\/12\/IDyvon.jpg\"><img loading=\"lazy\" decoding=\"async\" class=\"alignnone size-medium wp-image-211\" src=\"https:\/\/perso.atilf.fr\/ykeromnes\/wp-content\/uploads\/sites\/68\/2016\/12\/IDyvon-217x300.jpg\" alt=\"idyvon\" width=\"217\" height=\"300\" \/><\/a><\/p>\n<p><strong>Fonctions<\/strong><\/p>\n<p>Professeur au d\u00e9partement d&rsquo;anglais, UFR ALL, Metz<\/p>\n<p><strong>Coordonn\u00e9es au laboratoire ATILF<\/strong><\/p>\n<p>Equipes : Lexique (Lexicographie franco-allemande) ; Discours, Langue et Cognition<br \/>\nT\u00e9l\u00e9phone : 03 54 50 53 02<br \/>\nE-mail : yvon.keromnes(at)atilf.fr \/ yvon.keromnes(at)univ-lorraine.fr<br \/>\nAdresse : ATILF (CNRS &amp; Universit\u00e9 de Lorraine)<br \/>\n44, avenue de la Lib\u00e9ration<br \/>\nBP 30687<br \/>\n54063 Nancy Cedex<\/p>\n","protected":false},"excerpt":{"rendered":"<p>Fonctions Professeur au d\u00e9partement d&rsquo;anglais, UFR ALL, Metz Coordonn\u00e9es au laboratoire ATILF Equipes : Lexique (Lexicographie franco-allemande) ; Discours, Langue et Cognition T\u00e9l\u00e9phone : 03 54 50 53 02 E-mail : yvon.keromnes(at)atilf.fr \/ yvon.keromnes(at)univ-lorraine.fr Adresse : ATILF (CNRS &amp; Universit\u00e9 de Lorraine) 44, avenue de la Lib\u00e9ration BP 30687 54063 Nancy Cedex<\/p>\n","protected":false},"author":68,"featured_media":0,"parent":0,"menu_order":0,"comment_status":"closed","ping_status":"closed","template":"","meta":{"footnotes":""},"class_list":["post-235","page","type-page","status-publish","hentry"],"_links":{"self":[{"href":"https:\/\/perso.atilf.fr\/ykeromnes\/wp-json\/wp\/v2\/pages\/235","targetHints":{"allow":["GET"]}}],"collection":[{"href":"https:\/\/perso.atilf.fr\/ykeromnes\/wp-json\/wp\/v2\/pages"}],"about":[{"href":"https:\/\/perso.atilf.fr\/ykeromnes\/wp-json\/wp\/v2\/types\/page"}],"author":[{"embeddable":true,"href":"https:\/\/perso.atilf.fr\/ykeromnes\/wp-json\/wp\/v2\/users\/68"}],"replies":[{"embeddable":true,"href":"https:\/\/perso.atilf.fr\/ykeromnes\/wp-json\/wp\/v2\/comments?post=235"}],"version-history":[{"count":4,"href":"https:\/\/perso.atilf.fr\/ykeromnes\/wp-json\/wp\/v2\/pages\/235\/revisions"}],"predecessor-version":[{"id":246,"href":"https:\/\/perso.atilf.fr\/ykeromnes\/wp-json\/wp\/v2\/pages\/235\/revisions\/246"}],"wp:attachment":[{"href":"https:\/\/perso.atilf.fr\/ykeromnes\/wp-json\/wp\/v2\/media?parent=235"}],"curies":[{"name":"wp","href":"https:\/\/api.w.org\/{rel}","templated":true}]}}