{"id":35,"date":"2015-06-29T13:47:31","date_gmt":"2015-06-29T12:47:31","guid":{"rendered":"https:\/\/apps.atilf.fr\/homepages\/ykeromnes\/?page_id=35"},"modified":"2025-09-22T15:12:57","modified_gmt":"2025-09-22T14:12:57","slug":"accueil","status":"publish","type":"page","link":"https:\/\/perso.atilf.fr\/ykeromnes\/","title":{"rendered":"Accueil"},"content":{"rendered":"<p><a href=\"https:\/\/perso.atilf.fr\/ykeromnes\/wp-content\/uploads\/sites\/68\/2019\/11\/Yvon-2017.jpg\"><img loading=\"lazy\" decoding=\"async\" class=\"alignnone size-medium wp-image-252\" src=\"https:\/\/perso.atilf.fr\/ykeromnes\/wp-content\/uploads\/sites\/68\/2019\/11\/Yvon-2017-300x200.jpg\" alt=\"\" width=\"300\" height=\"200\" srcset=\"https:\/\/perso.atilf.fr\/ykeromnes\/wp-content\/uploads\/sites\/68\/2019\/11\/Yvon-2017-300x200.jpg 300w, https:\/\/perso.atilf.fr\/ykeromnes\/wp-content\/uploads\/sites\/68\/2019\/11\/Yvon-2017-768x512.jpg 768w, https:\/\/perso.atilf.fr\/ykeromnes\/wp-content\/uploads\/sites\/68\/2019\/11\/Yvon-2017-1024x683.jpg 1024w\" sizes=\"auto, (max-width: 300px) 100vw, 300px\" \/><\/a><\/p>\n<p style=\"text-align: left\"><span style=\"text-decoration: underline\"><strong>Fonctions<\/strong><\/span><\/p>\n<p>Professeur des universit\u00e9s (linguistique &amp; traduction),<\/p>\n<p>UFR ALL Nancy,<\/p>\n<p>Universit\u00e9 de Lorraine<\/p>\n<p><span style=\"text-decoration: underline\"><strong>Coordonn\u00e9es au laboratoire ATILF<\/strong><\/span><\/p>\n<p>Equipes : Lexique (Lexicographie franco-allemande) ; Discours, Langue et Cognition<br \/>\nT\u00e9l\u00e9phone : 03 54 50 53 02<br \/>\nE-mail : yvon.keromnes(at)atilf.fr \/ yvon.keromnes(at)univ-lorraine.fr<br \/>\nAdresse : ATILF (CNRS &amp; Universit\u00e9 de Lorraine)<br \/>\n44, avenue de la Lib\u00e9ration<br \/>\nBP 30687<br \/>\n54063 Nancy Cedex<\/p>\n","protected":false},"excerpt":{"rendered":"<p>Fonctions Professeur des universit\u00e9s (linguistique &amp; traduction), UFR ALL Nancy, Universit\u00e9 de Lorraine Coordonn\u00e9es au laboratoire ATILF Equipes : Lexique (Lexicographie franco-allemande) ; Discours, Langue et Cognition T\u00e9l\u00e9phone : 03 54 50 53 02 E-mail : yvon.keromnes(at)atilf.fr \/ yvon.keromnes(at)univ-lorraine.fr Adresse : ATILF (CNRS &amp; Universit\u00e9 de Lorraine) 44, avenue de la Lib\u00e9ration BP 30687 54063 [&hellip;]<\/p>\n","protected":false},"author":1,"featured_media":0,"parent":0,"menu_order":0,"comment_status":"closed","ping_status":"closed","template":"","meta":{"footnotes":""},"class_list":["post-35","page","type-page","status-publish","hentry"],"_links":{"self":[{"href":"https:\/\/perso.atilf.fr\/ykeromnes\/wp-json\/wp\/v2\/pages\/35","targetHints":{"allow":["GET"]}}],"collection":[{"href":"https:\/\/perso.atilf.fr\/ykeromnes\/wp-json\/wp\/v2\/pages"}],"about":[{"href":"https:\/\/perso.atilf.fr\/ykeromnes\/wp-json\/wp\/v2\/types\/page"}],"author":[{"embeddable":true,"href":"https:\/\/perso.atilf.fr\/ykeromnes\/wp-json\/wp\/v2\/users\/1"}],"replies":[{"embeddable":true,"href":"https:\/\/perso.atilf.fr\/ykeromnes\/wp-json\/wp\/v2\/comments?post=35"}],"version-history":[{"count":41,"href":"https:\/\/perso.atilf.fr\/ykeromnes\/wp-json\/wp\/v2\/pages\/35\/revisions"}],"predecessor-version":[{"id":286,"href":"https:\/\/perso.atilf.fr\/ykeromnes\/wp-json\/wp\/v2\/pages\/35\/revisions\/286"}],"wp:attachment":[{"href":"https:\/\/perso.atilf.fr\/ykeromnes\/wp-json\/wp\/v2\/media?parent=35"}],"curies":[{"name":"wp","href":"https:\/\/api.w.org\/{rel}","templated":true}]}}